{"id":3311,"date":"2020-12-23T00:27:53","date_gmt":"2020-12-22T23:27:53","guid":{"rendered":"https:\/\/krdzaliclaw.com\/?page_id=3311"},"modified":"2021-01-21T20:12:37","modified_gmt":"2021-01-21T19:12:37","slug":"cookie-policy","status":"publish","type":"page","link":"https:\/\/krdzaliclaw.com\/bs\/cookie-policy\/","title":{"rendered":"Politika privatnosti"},"content":{"rendered":"<div class=\"cli_pg_page_contaner\">\n<h3>O ovoj politici kola\u010di\u0107a<\/h3>\n<div>Ova Pravila o kola\u010di\u0107ima obja\u0161njavaju \u0161ta su kola\u010di\u0107i i kako ih koristimo, vrste kola\u010di\u0107a koje koristimo, tj. Informacije koje prikupljamo pomo\u0107u kola\u010di\u0107a i kako se te informacije koriste i kako kontrolirati postavke kola\u010di\u0107a. Za dodatne informacije o tome kako koristimo, \u010duvamo i \u010duvamo va\u0161e li\u010dne podatke, pogledajte na\u0161u Politiku privatnosti.U bilo kojem trenutku mo\u017eete promijeniti ili povu\u0107i svoj pristanak iz Izjave o kola\u010di\u0107ima na na\u0161oj web straniciSaznajte vi\u0161e o tome ko smo, kako nas mo\u017eete kontaktirati i kako obra\u0111ujemo li\u010dne podatke u na\u0161oj Politici privatnosti.Va\u0161 pristanak odnosi se na sljede\u0107e domene: krdzaliclaw.com<br \/>\n<div class=\"cli_user_consent_state\">Your current state: No consent given. <a class=\"cli_manage_current_consent\" style=\"cursor:pointer;text-decoration:underline;\">Manage your consent.<\/a> <\/div><\/div>\n<h3>\u0160ta su kola\u010di\u0107i?<\/h3>\n<div>Kola\u010di\u0107i su male tekstualne datoteke koje se koriste za pohranu malih podataka. Pohranjuju se na va\u0161em ure\u0111aju kada se web lokacija u\u010dita u va\u0161 pretra\u017eiva\u010d. Ovi kola\u010di\u0107i poma\u017eu nam da pravilno funkcioniramo, u\u010dinimo ga sigurnijim, pru\u017eamo bolje korisni\u010dko iskustvo i razumijemo u\u010dinak web mjesta te da analiziramo \u0161to funkcionira i gdje treba pobolj\u0161ati.<\/div>\n<h3>Kako koristimo kola\u010di\u0107e?<\/h3>\n<div>Kao i ve\u0107ina internetskih usluga, na\u0161a web stranica koristi kola\u010di\u0107e prve i tre\u0107e strane u nekoliko svrha. Kola\u010di\u0107i prve strane uglavnom su potrebni da bi web stranica funkcionirala na pravi na\u010din i oni ne prikupljaju nikakve podatke koji vas mogu identificirati.Kola\u010di\u0107i tre\u0107e strane koji se koriste na na\u0161oj web stranici uglavnom slu\u017ee kako bi se razumjelo kako web lokacija funkcionira, kako komunicirate s na\u0161om web stranicom, kako biste za\u0161titili na\u0161e usluge, pru\u017eili oglase koji su relevantni za vas, a sve u svemu pru\u017eaju vam boljeg i pobolj\u0161anog korisnika iskusite i pomozite ubrzati budu\u0107e interakcije s na\u0161om web stranicom.<\/div>\n<h3>Koje vrste kola\u010di\u0107a koristimo?<\/h3>\n<div>Osnovno: Neki su kola\u010di\u0107i neophodni da biste mogli iskusiti punu funkcionalnost na\u0161e stranice. Omogu\u0107uju nam odr\u017eavanje korisni\u010dkih sesija i spre\u010davanje bilo kakvih sigurnosnih prijetnji. Oni ne prikupljaju i ne \u010duvaju nikakve li\u010dne podatke. Na primjer, ovi kola\u010di\u0107i omogu\u0107avaju vam da se prijavite na svoj ra\u010dun i dodate proizvode u svoju korpu te da sigurno izvr\u0161ite naplatu.Statistika: Ovi kola\u010di\u0107i pohranjuju informacije poput broja posjetitelja web stranice, broja jedinstvenih posjetitelja, koje su stranice web stranice posje\u0107ene, izvora posjete itd. Ovi podaci poma\u017eu nam da razumijemo i analiziramo koliko dobro web stranica radi i tamo gdje je potrebno pobolj\u0161anje.Marketing: Na\u0161a web stranica prikazuje oglase. Ovi kola\u010di\u0107i se koriste za personalizaciju oglasa koje vam prikazujemo tako da vam zna\u010de. Ovi kola\u010di\u0107i poma\u017eu nam i da pratimo efikasnost ovih oglasnih kampanja.Informacije pohranjene u ovim kola\u010di\u0107ima tako\u0111er mogu koristiti nezavisni dobavlja\u010di oglasa za prikazivanje oglasa na drugim web lokacijama u pregledniku.Funkcionalno: To su kola\u010di\u0107i koji poma\u017eu u odre\u0111enim nebitnim funkcijama na na\u0161oj web stranici. Te funkcionalnosti uklju\u010duju ugra\u0111ivanje sadr\u017eaja poput videozapisa ili dijeljenje sadr\u017eaja web stranice na platformama dru\u0161tvenih medija.Postavke: Ovi kola\u010di\u0107i poma\u017eu nam da pohranimo va\u0161e postavke i postavke pregledavanja poput jezi\u010dnih preferencija, tako da imate bolje i efikasnije iskustvo prilikom budu\u0107ih posjeta web lokaciji.<\/div>\n<h3>Kako mogu kontrolirati postavke kola\u010di\u0107a?<\/h3>\n<div>Ako se kasnije odlu\u010dite promijeniti svoje postavke tijekom sesije pregledavanja, mo\u017eete na svom ekranu kliknuti karticu &#8220;Politika privatnosti i kola\u010di\u0107a&#8221;. Ovo \u0107e ponovo prikazati obavijest o pristanku koja vam omogu\u0107ava da promijenite postavke ili u potpunosti povu\u010dete pristanak.Uz to, razli\u010diti preglednici nude razli\u010dite metode za blokiranje i brisanje kola\u010di\u0107a koje koriste web stranice. Mo\u017eete promijeniti postavke svog preglednika da blokirate \/ izbri\u0161ete kola\u010di\u0107e. Da biste saznali vi\u0161e o na\u010dinu upravljanja i brisanja kola\u010di\u0107a, posjetite wikipedia.org, www.allaboutcookies.org.<\/div>\n<\/div>\n","protected":false},"excerpt":{"rendered":"<p>O ovoj politici kola\u010di\u0107a Ova Pravila o kola\u010di\u0107ima obja\u0161njavaju \u0161ta su kola\u010di\u0107i i kako ih koristimo, vrste kola\u010di\u0107a koje koristimo, tj. Informacije koje prikupljamo pomo\u0107u kola\u010di\u0107a i kako se te informacije koriste i kako kontrolirati postavke kola\u010di\u0107a. Za dodatne informacije o tome kako koristimo, \u010duvamo i \u010duvamo va\u0161e li\u010dne podatke, pogledajte na\u0161u Politiku privatnosti.U bilo [&hellip;]<\/p>\n","protected":false},"author":1,"featured_media":3407,"parent":0,"menu_order":0,"comment_status":"closed","ping_status":"closed","template":"","meta":{"footnotes":""},"class_list":["post-3311","page","type-page","status-publish","has-post-thumbnail","hentry"],"translation":{"provider":"WPGlobus","version":"3.0.0","language":"bs","enabled_languages":["en","bs"],"languages":{"en":{"title":true,"content":true,"excerpt":false},"bs":{"title":true,"content":true,"excerpt":false}}},"yoast_head":"<!-- This site is optimized with the Yoast SEO plugin v23.9 - https:\/\/yoast.com\/wordpress\/plugins\/seo\/ -->\n<title>Politika privatnosti - Patent and Trademark Attorney Bosnia and Herzegovina<\/title>\n<meta name=\"robots\" content=\"index, follow, max-snippet:-1, max-image-preview:large, max-video-preview:-1\" \/>\n<link rel=\"canonical\" href=\"https:\/\/krdzaliclaw.com\/cookie-policy\/\" \/>\n<meta property=\"og:locale\" content=\"bs_BA\" \/>\n<meta property=\"og:type\" content=\"article\" \/>\n<meta property=\"og:title\" content=\"Politika privatnosti - Patent and Trademark Attorney Bosnia and Herzegovina\" \/>\n<meta property=\"og:url\" content=\"https:\/\/krdzaliclaw.com\/cookie-policy\/\" \/>\n<meta property=\"og:site_name\" content=\"Patent and Trademark Attorney Bosnia and Herzegovina\" \/>\n<meta property=\"article:modified_time\" content=\"2021-01-21T19:12:37+00:00\" \/>\n<meta property=\"og:image\" content=\"https:\/\/krdzaliclaw.com\/wp-content\/uploads\/2021\/01\/featured-krdzalic.png\" \/>\n\t<meta property=\"og:image:width\" content=\"427\" \/>\n\t<meta property=\"og:image:height\" content=\"427\" \/>\n\t<meta property=\"og:image:type\" content=\"image\/png\" \/>\n<meta name=\"twitter:card\" content=\"summary_large_image\" \/>\n<meta name=\"twitter:label1\" content=\"Est. reading time\" \/>\n\t<meta name=\"twitter:data1\" content=\"3 minute\" \/>\n<script type=\"application\/ld+json\" class=\"yoast-schema-graph\">{\"@context\":\"https:\/\/schema.org\",\"@graph\":[{\"@type\":\"WebPage\",\"@id\":\"https:\/\/krdzaliclaw.com\/cookie-policy\/\",\"url\":\"https:\/\/krdzaliclaw.com\/cookie-policy\/\",\"name\":\"Politika privatnosti - Patent and Trademark Attorney Bosnia and Herzegovina\",\"isPartOf\":{\"@id\":\"https:\/\/krdzaliclaw.com\/#website\"},\"primaryImageOfPage\":{\"@id\":\"https:\/\/krdzaliclaw.com\/cookie-policy\/#primaryimage\"},\"image\":{\"@id\":\"https:\/\/krdzaliclaw.com\/cookie-policy\/#primaryimage\"},\"thumbnailUrl\":\"https:\/\/krdzaliclaw.com\/wp-content\/uploads\/2021\/01\/featured-krdzalic.png\",\"datePublished\":\"2020-12-22T23:27:53+00:00\",\"dateModified\":\"2021-01-21T19:12:37+00:00\",\"description\":\"Krd\u017ealic Adi, Patent Bosna i Hercegovina, \u017dig Bosna i Hercegovina, EPO Validacija BiH, Civilna avijacija BiH, Prava putnika u zra\u010dnom prometu BiH, Industrijski dizajn, Intelektualno vlasni\u0161tvo BiH, We provide full legal services, including business law, labor law, investment law and litigation.\",\"breadcrumb\":{\"@id\":\"https:\/\/krdzaliclaw.com\/cookie-policy\/#breadcrumb\"},\"inLanguage\":\"bs-BA\",\"potentialAction\":[{\"@type\":\"ReadAction\",\"target\":[\"https:\/\/krdzaliclaw.com\/cookie-policy\/\"]}]},{\"@type\":\"ImageObject\",\"inLanguage\":\"bs-BA\",\"@id\":\"https:\/\/krdzaliclaw.com\/cookie-policy\/#primaryimage\",\"url\":\"https:\/\/krdzaliclaw.com\/wp-content\/uploads\/2021\/01\/featured-krdzalic.png\",\"contentUrl\":\"https:\/\/krdzaliclaw.com\/wp-content\/uploads\/2021\/01\/featured-krdzalic.png\",\"width\":427,\"height\":427},{\"@type\":\"BreadcrumbList\",\"@id\":\"https:\/\/krdzaliclaw.com\/cookie-policy\/#breadcrumb\",\"itemListElement\":[{\"@type\":\"ListItem\",\"position\":1,\"name\":\"Home\",\"item\":\"https:\/\/krdzaliclaw.com\/\"},{\"@type\":\"ListItem\",\"position\":2,\"name\":\"Cookie Policy\"}]},{\"@type\":\"WebSite\",\"@id\":\"https:\/\/krdzaliclaw.com\/#website\",\"url\":\"https:\/\/krdzaliclaw.com\/\",\"name\":\"{:en}Krdzaliclaw Patent and Trademark Attorney{:}{:bs}Patent and Trademark Attorney Bosnia and Herzegovina{:}\",\"description\":\"Patent and Trademark Attorney Bosnia and Herzegovina\",\"publisher\":{\"@id\":\"https:\/\/krdzaliclaw.com\/#organization\"},\"alternateName\":\"Patent and Trademark Attorney Bosnia and Herzegovina\",\"potentialAction\":[{\"@type\":\"SearchAction\",\"target\":{\"@type\":\"EntryPoint\",\"urlTemplate\":\"https:\/\/krdzaliclaw.com\/?s={search_term_string}\"},\"query-input\":{\"@type\":\"PropertyValueSpecification\",\"valueRequired\":true,\"valueName\":\"search_term_string\"}}],\"inLanguage\":\"bs-BA\"},{\"@type\":\"Organization\",\"@id\":\"https:\/\/krdzaliclaw.com\/#organization\",\"name\":\"Krdzaliclaw Patent and Trademark Attorney\",\"alternateName\":\"Patent and Trademark Attorney Bosnia and Herzegovina\",\"url\":\"https:\/\/krdzaliclaw.com\/\",\"logo\":{\"@type\":\"ImageObject\",\"inLanguage\":\"bs-BA\",\"@id\":\"https:\/\/krdzaliclaw.com\/#\/schema\/logo\/image\/\",\"url\":\"https:\/\/krdzaliclaw.com\/wp-content\/uploads\/2021\/07\/Adi-logo-web-wstranica-novi-2021-Law-office.jpg\",\"contentUrl\":\"https:\/\/krdzaliclaw.com\/wp-content\/uploads\/2021\/07\/Adi-logo-web-wstranica-novi-2021-Law-office.jpg\",\"width\":457,\"height\":136,\"caption\":\"Krdzaliclaw Patent and Trademark Attorney\"},\"image\":{\"@id\":\"https:\/\/krdzaliclaw.com\/#\/schema\/logo\/image\/\"}}]}<\/script>\n<!-- \/ Yoast SEO plugin. -->","yoast_head_json":{"title":"Politika privatnosti - Patent and Trademark Attorney Bosnia and Herzegovina","robots":{"index":"index","follow":"follow","max-snippet":"max-snippet:-1","max-image-preview":"max-image-preview:large","max-video-preview":"max-video-preview:-1"},"canonical":"https:\/\/krdzaliclaw.com\/cookie-policy\/","og_locale":"bs_BA","og_type":"article","og_title":"Politika privatnosti - Patent and Trademark Attorney Bosnia and Herzegovina","og_url":"https:\/\/krdzaliclaw.com\/cookie-policy\/","og_site_name":"Patent and Trademark Attorney Bosnia and Herzegovina","article_modified_time":"2021-01-21T19:12:37+00:00","og_image":[{"width":427,"height":427,"url":"https:\/\/krdzaliclaw.com\/wp-content\/uploads\/2021\/01\/featured-krdzalic.png","type":"image\/png"}],"twitter_card":"summary_large_image","twitter_misc":{"Est. reading time":"3 minute"},"schema":{"@context":"https:\/\/schema.org","@graph":[{"@type":"WebPage","@id":"https:\/\/krdzaliclaw.com\/cookie-policy\/","url":"https:\/\/krdzaliclaw.com\/cookie-policy\/","name":"Politika privatnosti - Patent and Trademark Attorney Bosnia and Herzegovina","isPartOf":{"@id":"https:\/\/krdzaliclaw.com\/#website"},"primaryImageOfPage":{"@id":"https:\/\/krdzaliclaw.com\/cookie-policy\/#primaryimage"},"image":{"@id":"https:\/\/krdzaliclaw.com\/cookie-policy\/#primaryimage"},"thumbnailUrl":"https:\/\/krdzaliclaw.com\/wp-content\/uploads\/2021\/01\/featured-krdzalic.png","datePublished":"2020-12-22T23:27:53+00:00","dateModified":"2021-01-21T19:12:37+00:00","description":"Krd\u017ealic Adi, Patent Bosna i Hercegovina, \u017dig Bosna i Hercegovina, EPO Validacija BiH, Civilna avijacija BiH, Prava putnika u zra\u010dnom prometu BiH, Industrijski dizajn, Intelektualno vlasni\u0161tvo BiH, We provide full legal services, including business law, labor law, investment law and litigation.","breadcrumb":{"@id":"https:\/\/krdzaliclaw.com\/cookie-policy\/#breadcrumb"},"inLanguage":"bs-BA","potentialAction":[{"@type":"ReadAction","target":["https:\/\/krdzaliclaw.com\/cookie-policy\/"]}]},{"@type":"ImageObject","inLanguage":"bs-BA","@id":"https:\/\/krdzaliclaw.com\/cookie-policy\/#primaryimage","url":"https:\/\/krdzaliclaw.com\/wp-content\/uploads\/2021\/01\/featured-krdzalic.png","contentUrl":"https:\/\/krdzaliclaw.com\/wp-content\/uploads\/2021\/01\/featured-krdzalic.png","width":427,"height":427},{"@type":"BreadcrumbList","@id":"https:\/\/krdzaliclaw.com\/cookie-policy\/#breadcrumb","itemListElement":[{"@type":"ListItem","position":1,"name":"Home","item":"https:\/\/krdzaliclaw.com\/"},{"@type":"ListItem","position":2,"name":"Cookie Policy"}]},{"@type":"WebSite","@id":"https:\/\/krdzaliclaw.com\/#website","url":"https:\/\/krdzaliclaw.com\/","name":"{:en}Krdzaliclaw Patent and Trademark Attorney{:}{:bs}Patent and Trademark Attorney Bosnia and Herzegovina{:}","description":"Patent and Trademark Attorney Bosnia and Herzegovina","publisher":{"@id":"https:\/\/krdzaliclaw.com\/#organization"},"alternateName":"Patent and Trademark Attorney Bosnia and Herzegovina","potentialAction":[{"@type":"SearchAction","target":{"@type":"EntryPoint","urlTemplate":"https:\/\/krdzaliclaw.com\/?s={search_term_string}"},"query-input":{"@type":"PropertyValueSpecification","valueRequired":true,"valueName":"search_term_string"}}],"inLanguage":"bs-BA"},{"@type":"Organization","@id":"https:\/\/krdzaliclaw.com\/#organization","name":"Krdzaliclaw Patent and Trademark Attorney","alternateName":"Patent and Trademark Attorney Bosnia and Herzegovina","url":"https:\/\/krdzaliclaw.com\/","logo":{"@type":"ImageObject","inLanguage":"bs-BA","@id":"https:\/\/krdzaliclaw.com\/#\/schema\/logo\/image\/","url":"https:\/\/krdzaliclaw.com\/wp-content\/uploads\/2021\/07\/Adi-logo-web-wstranica-novi-2021-Law-office.jpg","contentUrl":"https:\/\/krdzaliclaw.com\/wp-content\/uploads\/2021\/07\/Adi-logo-web-wstranica-novi-2021-Law-office.jpg","width":457,"height":136,"caption":"Krdzaliclaw Patent and Trademark Attorney"},"image":{"@id":"https:\/\/krdzaliclaw.com\/#\/schema\/logo\/image\/"}}]}},"_links":{"self":[{"href":"https:\/\/krdzaliclaw.com\/bs\/wp-json\/wp\/v2\/pages\/3311","targetHints":{"allow":["GET"]}}],"collection":[{"href":"https:\/\/krdzaliclaw.com\/bs\/wp-json\/wp\/v2\/pages"}],"about":[{"href":"https:\/\/krdzaliclaw.com\/bs\/wp-json\/wp\/v2\/types\/page"}],"author":[{"embeddable":true,"href":"https:\/\/krdzaliclaw.com\/bs\/wp-json\/wp\/v2\/users\/1"}],"replies":[{"embeddable":true,"href":"https:\/\/krdzaliclaw.com\/bs\/wp-json\/wp\/v2\/comments?post=3311"}],"version-history":[{"count":3,"href":"https:\/\/krdzaliclaw.com\/bs\/wp-json\/wp\/v2\/pages\/3311\/revisions"}],"predecessor-version":[{"id":3406,"href":"https:\/\/krdzaliclaw.com\/bs\/wp-json\/wp\/v2\/pages\/3311\/revisions\/3406"}],"wp:featuredmedia":[{"embeddable":true,"href":"https:\/\/krdzaliclaw.com\/bs\/wp-json\/wp\/v2\/media\/3407"}],"wp:attachment":[{"href":"https:\/\/krdzaliclaw.com\/bs\/wp-json\/wp\/v2\/media?parent=3311"}],"curies":[{"name":"wp","href":"https:\/\/api.w.org\/{rel}","templated":true}]}}